{"id":779,"date":"2023-06-26T18:26:39","date_gmt":"2023-06-26T18:26:39","guid":{"rendered":"https:\/\/nations-group.com\/?page_id=779"},"modified":"2024-02-06T10:42:35","modified_gmt":"2024-02-06T10:42:35","slug":"sitemap","status":"publish","type":"page","link":"https:\/\/nations-group.com\/en\/sitemap\/","title":{"rendered":"sitemap"},"content":{"rendered":"<div data-elementor-type=\"wp-page\" data-elementor-id=\"779\" class=\"elementor elementor-779\" data-elementor-post-type=\"page\">\n\t\t\t\t\t\t<section data-particle_enable=\"false\" data-particle-mobile-disabled=\"false\" class=\"elementor-section elementor-top-section elementor-element elementor-element-26c7e18 elementor-section-stretched elementor-section-boxed elementor-section-height-default elementor-section-height-default\" data-id=\"26c7e18\" data-element_type=\"section\" data-e-type=\"section\" data-settings=\"{&quot;stretch_section&quot;:&quot;section-stretched&quot;}\">\n\t\t\t\t\t\t<div class=\"elementor-container elementor-column-gap-default\">\n\t\t\t\t\t<div class=\"elementor-column elementor-col-100 elementor-top-column elementor-element elementor-element-5c02d86\" data-id=\"5c02d86\" data-element_type=\"column\" data-e-type=\"column\">\n\t\t\t<div class=\"elementor-widget-wrap elementor-element-populated\">\n\t\t\t\t\t\t<div class=\"elementor-element elementor-element-308c089 elementor-widget elementor-widget-heading\" data-id=\"308c089\" data-element_type=\"widget\" data-e-type=\"widget\" data-widget_type=\"heading.default\">\n\t\t\t\t<div class=\"elementor-widget-container\">\n\t\t\t\t\t<h3 class=\"elementor-heading-title elementor-size-default\">Sitemap<\/h3>\t\t\t\t<\/div>\n\t\t\t\t<\/div>\n\t\t\t\t\t<\/div>\n\t\t<\/div>\n\t\t\t\t\t<\/div>\n\t\t<\/section>\n\t\t\t\t<section data-particle_enable=\"false\" data-particle-mobile-disabled=\"false\" class=\"elementor-section elementor-top-section elementor-element elementor-element-9b400be elementor-section-stretched elementor-section-boxed elementor-section-height-default elementor-section-height-default\" data-id=\"9b400be\" data-element_type=\"section\" data-e-type=\"section\" data-settings=\"{&quot;stretch_section&quot;:&quot;section-stretched&quot;}\">\n\t\t\t\t\t\t<div class=\"elementor-container elementor-column-gap-default\">\n\t\t\t\t\t<div class=\"elementor-column elementor-col-100 elementor-top-column elementor-element elementor-element-9ce9186\" data-id=\"9ce9186\" data-element_type=\"column\" data-e-type=\"column\">\n\t\t\t<div class=\"elementor-widget-wrap elementor-element-populated\">\n\t\t\t\t\t\t<div class=\"elementor-element elementor-element-aa10e32 elementor-widget elementor-widget-text-editor\" data-id=\"aa10e32\" data-element_type=\"widget\" data-e-type=\"widget\" data-widget_type=\"text-editor.default\">\n\t\t\t\t<div class=\"elementor-widget-container\">\n\t\t\t\t\t\t\t\t\t<p>Esta p\u00e1gina contiene un mapa del sitio web <strong>nations-group.com<\/strong>\u00a0. El sitemap es una herramienta \u00fatil para navegar por la estructura y contenido del sitio. Un mapa\u00a0permite a los motores de b\u00fasqueda indexar y comprender el contenido de un sitio web de manera eficiente. Los motores de b\u00fasqueda pueden identificar f\u00e1cilmente el contenido y su ubicaci\u00f3n, lo que ayuda a indexar el sitio de manera m\u00e1s r\u00e1pida y eficiente. Se\u00a0permite encontrar r\u00e1pidamente un contenido dando una visi\u00f3n general del contenido disponible en el sitio,\u00a0navegando f\u00e1cilmente por las diferentes secciones y p\u00e1ginas.<\/p><p>Contenido importante:<\/p><ul><li><i>Professional<\/i><\/li><li><i>Empresa<\/i><\/li><li><i>Galer\u00eda<\/i><\/li><li><i>Professional<\/i><\/li><li>Blog<\/li><\/ul><div>\u00a0<\/div><p>Enlaces a las p\u00e1ginas principales del sitio web, como la p\u00e1gina de inicio, la p\u00e1gina de contacto y cualquier otra p\u00e1gina importante.<\/p><ul><li><em><a href=\"https:\/\/nations-group.com\/en\/politicas-cookies\/\">https:\/\/nations-group.com\/politicas-cookies<\/a><\/em><\/li><li><em><a href=\"https:\/\/nations-group.com\/en\/politica-privacidad\/\">https:\/\/nations-group.com\/politica-privacidad<\/a><\/em><\/li><li><em><a href=\"https:\/\/nations-group.com\/en\/quienessomos\/\">https:\/\/nations-group.com\/quienessomos<\/a><\/em><\/li><li><a href=\"https:\/\/nations-group.com\/en\/servicios\/\" data-wplink-url-error=\"true\"><em>https:\/\/nations-group.com\/servicios<\/em><\/a><\/li><li><a href=\"https:\/\/nations-group.com\/en\/\">https:\/\/nations-group.com<\/a><\/li><li><em><a href=\"https:\/\/nations-group.com\/en\/sectores\/\">https:\/\/nations-group.com\/sectores<\/a><\/em><\/li><li><a href=\"https:\/\/nations-group.com\/en\/accesibilidad\/\">https:\/\/nations-group.com\/accesibilidad<\/a><\/li><li><a href=\"https:\/\/nations-group.com\/en\/sitemap\/\">https:\/\/nations-group.com\/sitemap<\/a><\/li><li><a href=\"https:\/\/nations-group.com\/en\/aviso-legal\/\">https:\/\/nations-group.com\/aviso-legal<\/a><\/li><\/ul><p>Esperamos que esta herramienta le haya sido \u00fatil para navegar por nuestro sitio web. Si tiene alguna pregunta o comentario, no dude en ponerse en contacto con nosotros.<\/p><p>Esta p\u00e1gina es una herramienta esencial para cualquier sitio web. Puede ayudar a mejorar la indexaci\u00f3n, optimizar el SEO, mejorar la experiencia del usuario y facilitar la identificaci\u00f3n de errores t\u00e9cnicos.<\/p>\t\t\t\t\t\t\t\t<\/div>\n\t\t\t\t<\/div>\n\t\t\t\t\t<\/div>\n\t\t<\/div>\n\t\t\t\t\t<\/div>\n\t\t<\/section>\n\t\t\t\t<\/div>","protected":false},"excerpt":{"rendered":"<p>Sitemap Esta p\u00e1gina contiene un mapa del sitio web nations-group.com\u00a0. El sitemap es una herramienta \u00fatil para navegar por la estructura y contenido del sitio. Un mapa\u00a0permite a los motores de b\u00fasqueda indexar y comprender el contenido de un sitio web de manera eficiente. Los motores de b\u00fasqueda pueden identificar f\u00e1cilmente el contenido y su &#8230; <a title=\"sitemap\" class=\"read-more\" href=\"https:\/\/nations-group.com\/en\/sitemap\/\" aria-label=\"Read more about sitemap\">Read more<\/a><\/p>","protected":false},"author":5,"featured_media":0,"parent":0,"menu_order":0,"comment_status":"closed","ping_status":"closed","template":"","meta":{"footnotes":""},"class_list":["post-779","page","type-page","status-publish"],"yoast_head":"<!-- This site is optimized with the Yoast SEO plugin v27.0 - https:\/\/yoast.com\/product\/yoast-seo-wordpress\/ -->\n<title>sitemap - Nations Group<\/title>\n<meta name=\"robots\" content=\"index, follow, max-snippet:-1, max-image-preview:large, max-video-preview:-1\" \/>\n<link rel=\"canonical\" href=\"https:\/\/nations-group.com\/en\/sitemap\/\" \/>\n<meta property=\"og:locale\" content=\"en_GB\" \/>\n<meta property=\"og:type\" content=\"article\" \/>\n<meta property=\"og:title\" content=\"sitemap - Nations Group\" \/>\n<meta property=\"og:description\" content=\"Sitemap Esta p\u00e1gina contiene un mapa del sitio web nations-group.com\u00a0. El sitemap es una herramienta \u00fatil para navegar por la estructura y contenido del sitio. Un mapa\u00a0permite a los motores de b\u00fasqueda indexar y comprender el contenido de un sitio web de manera eficiente. Los motores de b\u00fasqueda pueden identificar f\u00e1cilmente el contenido y su ... Read more\" \/>\n<meta property=\"og:url\" content=\"https:\/\/nations-group.com\/en\/sitemap\/\" \/>\n<meta property=\"og:site_name\" content=\"Nations Group\" \/>\n<meta property=\"article:modified_time\" content=\"2024-02-06T10:42:35+00:00\" \/>\n<meta name=\"twitter:card\" content=\"summary_large_image\" \/>\n<meta name=\"twitter:label1\" content=\"Estimated reading time\" \/>\n\t<meta name=\"twitter:data1\" content=\"1 minute\" \/>\n<script type=\"application\/ld+json\" class=\"yoast-schema-graph\">{\"@context\":\"https:\/\/schema.org\",\"@graph\":[{\"@type\":\"WebPage\",\"@id\":\"https:\/\/nations-group.com\/sitemap\/\",\"url\":\"https:\/\/nations-group.com\/sitemap\/\",\"name\":\"sitemap - Nations Group\",\"isPartOf\":{\"@id\":\"https:\/\/nations-group.com\/#website\"},\"datePublished\":\"2023-06-26T18:26:39+00:00\",\"dateModified\":\"2024-02-06T10:42:35+00:00\",\"breadcrumb\":{\"@id\":\"https:\/\/nations-group.com\/sitemap\/#breadcrumb\"},\"inLanguage\":\"en-GB\",\"potentialAction\":[{\"@type\":\"ReadAction\",\"target\":[\"https:\/\/nations-group.com\/sitemap\/\"]}]},{\"@type\":\"BreadcrumbList\",\"@id\":\"https:\/\/nations-group.com\/sitemap\/#breadcrumb\",\"itemListElement\":[{\"@type\":\"ListItem\",\"position\":1,\"name\":\"Portada\",\"item\":\"https:\/\/nations-group.com\/\"},{\"@type\":\"ListItem\",\"position\":2,\"name\":\"sitemap\"}]},{\"@type\":\"WebSite\",\"@id\":\"https:\/\/nations-group.com\/#website\",\"url\":\"https:\/\/nations-group.com\/\",\"name\":\"Nations Group\",\"description\":\"\",\"publisher\":{\"@id\":\"https:\/\/nations-group.com\/#organization\"},\"potentialAction\":[{\"@type\":\"SearchAction\",\"target\":{\"@type\":\"EntryPoint\",\"urlTemplate\":\"https:\/\/nations-group.com\/?s={search_term_string}\"},\"query-input\":{\"@type\":\"PropertyValueSpecification\",\"valueRequired\":true,\"valueName\":\"search_term_string\"}}],\"inLanguage\":\"en-GB\"},{\"@type\":\"Organization\",\"@id\":\"https:\/\/nations-group.com\/#organization\",\"name\":\"Nations Group\",\"url\":\"https:\/\/nations-group.com\/\",\"logo\":{\"@type\":\"ImageObject\",\"inLanguage\":\"en-GB\",\"@id\":\"https:\/\/nations-group.com\/#\/schema\/logo\/image\/\",\"url\":\"https:\/\/nations-group.com\/wp-content\/uploads\/2023\/12\/cropped-logo3tt.png\",\"contentUrl\":\"https:\/\/nations-group.com\/wp-content\/uploads\/2023\/12\/cropped-logo3tt.png\",\"width\":185,\"height\":75,\"caption\":\"Nations Group\"},\"image\":{\"@id\":\"https:\/\/nations-group.com\/#\/schema\/logo\/image\/\"}}]}<\/script>\n<!-- \/ Yoast SEO plugin. -->","yoast_head_json":{"title":"sitemap - Nations Group","robots":{"index":"index","follow":"follow","max-snippet":"max-snippet:-1","max-image-preview":"max-image-preview:large","max-video-preview":"max-video-preview:-1"},"canonical":"https:\/\/nations-group.com\/en\/sitemap\/","og_locale":"en_GB","og_type":"article","og_title":"sitemap - Nations Group","og_description":"Sitemap Esta p\u00e1gina contiene un mapa del sitio web nations-group.com\u00a0. El sitemap es una herramienta \u00fatil para navegar por la estructura y contenido del sitio. Un mapa\u00a0permite a los motores de b\u00fasqueda indexar y comprender el contenido de un sitio web de manera eficiente. Los motores de b\u00fasqueda pueden identificar f\u00e1cilmente el contenido y su ... Read more","og_url":"https:\/\/nations-group.com\/en\/sitemap\/","og_site_name":"Nations Group","article_modified_time":"2024-02-06T10:42:35+00:00","twitter_card":"summary_large_image","twitter_misc":{"Estimated reading time":"1 minute"},"schema":{"@context":"https:\/\/schema.org","@graph":[{"@type":"WebPage","@id":"https:\/\/nations-group.com\/sitemap\/","url":"https:\/\/nations-group.com\/sitemap\/","name":"sitemap - Nations Group","isPartOf":{"@id":"https:\/\/nations-group.com\/#website"},"datePublished":"2023-06-26T18:26:39+00:00","dateModified":"2024-02-06T10:42:35+00:00","breadcrumb":{"@id":"https:\/\/nations-group.com\/sitemap\/#breadcrumb"},"inLanguage":"en-GB","potentialAction":[{"@type":"ReadAction","target":["https:\/\/nations-group.com\/sitemap\/"]}]},{"@type":"BreadcrumbList","@id":"https:\/\/nations-group.com\/sitemap\/#breadcrumb","itemListElement":[{"@type":"ListItem","position":1,"name":"Portada","item":"https:\/\/nations-group.com\/"},{"@type":"ListItem","position":2,"name":"sitemap"}]},{"@type":"WebSite","@id":"https:\/\/nations-group.com\/#website","url":"https:\/\/nations-group.com\/","name":"Nations Group","description":"","publisher":{"@id":"https:\/\/nations-group.com\/#organization"},"potentialAction":[{"@type":"SearchAction","target":{"@type":"EntryPoint","urlTemplate":"https:\/\/nations-group.com\/?s={search_term_string}"},"query-input":{"@type":"PropertyValueSpecification","valueRequired":true,"valueName":"search_term_string"}}],"inLanguage":"en-GB"},{"@type":"Organization","@id":"https:\/\/nations-group.com\/#organization","name":"Nations Group","url":"https:\/\/nations-group.com\/","logo":{"@type":"ImageObject","inLanguage":"en-GB","@id":"https:\/\/nations-group.com\/#\/schema\/logo\/image\/","url":"https:\/\/nations-group.com\/wp-content\/uploads\/2023\/12\/cropped-logo3tt.png","contentUrl":"https:\/\/nations-group.com\/wp-content\/uploads\/2023\/12\/cropped-logo3tt.png","width":185,"height":75,"caption":"Nations Group"},"image":{"@id":"https:\/\/nations-group.com\/#\/schema\/logo\/image\/"}}]}},"_links":{"self":[{"href":"https:\/\/nations-group.com\/en\/wp-json\/wp\/v2\/pages\/779","targetHints":{"allow":["GET"]}}],"collection":[{"href":"https:\/\/nations-group.com\/en\/wp-json\/wp\/v2\/pages"}],"about":[{"href":"https:\/\/nations-group.com\/en\/wp-json\/wp\/v2\/types\/page"}],"author":[{"embeddable":true,"href":"https:\/\/nations-group.com\/en\/wp-json\/wp\/v2\/users\/5"}],"replies":[{"embeddable":true,"href":"https:\/\/nations-group.com\/en\/wp-json\/wp\/v2\/comments?post=779"}],"version-history":[{"count":25,"href":"https:\/\/nations-group.com\/en\/wp-json\/wp\/v2\/pages\/779\/revisions"}],"predecessor-version":[{"id":3428,"href":"https:\/\/nations-group.com\/en\/wp-json\/wp\/v2\/pages\/779\/revisions\/3428"}],"wp:attachment":[{"href":"https:\/\/nations-group.com\/en\/wp-json\/wp\/v2\/media?parent=779"}],"curies":[{"name":"wp","href":"https:\/\/api.w.org\/{rel}","templated":true}]}}