{"id":774,"date":"2023-06-26T18:25:10","date_gmt":"2023-06-26T18:25:10","guid":{"rendered":"https:\/\/nations-group.com\/?page_id=774"},"modified":"2023-10-21T17:10:05","modified_gmt":"2023-10-21T17:10:05","slug":"accesibilidad","status":"publish","type":"page","link":"https:\/\/nations-group.com\/en\/accesibilidad\/","title":{"rendered":"accesibilidad"},"content":{"rendered":"<div data-elementor-type=\"wp-page\" data-elementor-id=\"774\" class=\"elementor elementor-774\" data-elementor-post-type=\"page\">\n\t\t\t\t\t\t<section data-particle_enable=\"false\" data-particle-mobile-disabled=\"false\" class=\"elementor-section elementor-top-section elementor-element elementor-element-26c7e18 elementor-section-stretched elementor-section-boxed elementor-section-height-default elementor-section-height-default\" data-id=\"26c7e18\" data-element_type=\"section\" data-e-type=\"section\" data-settings=\"{&quot;stretch_section&quot;:&quot;section-stretched&quot;}\">\n\t\t\t\t\t\t<div class=\"elementor-container elementor-column-gap-default\">\n\t\t\t\t\t<div class=\"elementor-column elementor-col-100 elementor-top-column elementor-element elementor-element-5c02d86\" data-id=\"5c02d86\" data-element_type=\"column\" data-e-type=\"column\">\n\t\t\t<div class=\"elementor-widget-wrap elementor-element-populated\">\n\t\t\t\t\t\t<div class=\"elementor-element elementor-element-308c089 elementor-widget elementor-widget-heading\" data-id=\"308c089\" data-element_type=\"widget\" data-e-type=\"widget\" data-widget_type=\"heading.default\">\n\t\t\t\t<div class=\"elementor-widget-container\">\n\t\t\t\t\t<h3 class=\"elementor-heading-title elementor-size-default\">Accessibility<\/h3>\t\t\t\t<\/div>\n\t\t\t\t<\/div>\n\t\t\t\t\t<\/div>\n\t\t<\/div>\n\t\t\t\t\t<\/div>\n\t\t<\/section>\n\t\t\t\t<section data-particle_enable=\"false\" data-particle-mobile-disabled=\"false\" class=\"elementor-section elementor-top-section elementor-element elementor-element-9b400be elementor-section-stretched elementor-section-boxed elementor-section-height-default elementor-section-height-default\" data-id=\"9b400be\" data-element_type=\"section\" data-e-type=\"section\" data-settings=\"{&quot;stretch_section&quot;:&quot;section-stretched&quot;}\">\n\t\t\t\t\t\t<div class=\"elementor-container elementor-column-gap-default\">\n\t\t\t\t\t<div class=\"elementor-column elementor-col-100 elementor-top-column elementor-element elementor-element-9ce9186\" data-id=\"9ce9186\" data-element_type=\"column\" data-e-type=\"column\">\n\t\t\t<div class=\"elementor-widget-wrap elementor-element-populated\">\n\t\t\t\t\t\t<div class=\"elementor-element elementor-element-aa10e32 elementor-widget elementor-widget-text-editor\" data-id=\"aa10e32\" data-element_type=\"widget\" data-e-type=\"widget\" data-widget_type=\"text-editor.default\">\n\t\t\t\t<div class=\"elementor-widget-container\">\n\t\t\t\t\t\t\t\t\t<p><strong>La empresa&nbsp;<\/strong>se ha comprometido a gestionar la accesibilidad , de conformidad con el <a href=\"http:\/\/www.boe.es\/diario_boe\/txt.php?id=BOE-A-2018-12699\">Real Decreto 1112\/2018, de 7 de septiembre, sobre accesibilidad de los sitios web<\/a>.<\/p>\n<p><b>Evaluaci\u00f3n:&nbsp;<\/b>Este sitio web es parcialmente conforme con el&nbsp;<a href=\"http:\/\/www.boe.es\/diario_boe\/txt.php?id=BOE-A-2018-12699\">RD 1112\/2018<\/a>.&nbsp;Se ha procurado que todo el contenido est\u00e1 totalmente accesible,&nbsp; podr\u00edan existir errores de c\u00f3digo puntuales de edici\u00f3n en alguna secci\u00f3n del sitio web. El nivel de conformidad es AA de la norma UNE-EN 301549:2019.&nbsp;&nbsp;Podr\u00edan existir algunos componentes de la interfaz de usuario que no se encuentren etiquetados correctamente.&nbsp;Podr\u00edan existir archivos ofim\u00e1ticos en PDF u otros formatos publicados antes del 20 de septiembre de 2018 que no cumplan en su totalidad todos los requisitos de accesibilidad. Aunque se ha procurado que la mayor\u00eda de ellos s\u00ed lo cumplan.<\/p>\n<p>La presente declaraci\u00f3n fue preparada el 20 de Febrero 2023.&nbsp;El m\u00e9todo empleado para preparar la declaraci\u00f3n ha sido una autoevaluaci\u00f3n llevada a cabo por la propia empresa.&nbsp;La Declaraci\u00f3n de Accesibilidad no ha sido revisada y actualizada desde la fecha indicada. Las herramientas utilizadas para esta evaluaci\u00f3n han sido:<\/p>\n<ul>\n<li>ContrastChecker (extensi\u00f3n de navegador chrome)<\/li>\n<li>taba11y (extensi\u00f3n de&nbsp;navegador&nbsp;chrome)<\/li>\n<li>Wave (extensi\u00f3n de&nbsp;navegador&nbsp;chrome)<\/li>\n<li>Siteimprove&nbsp;<\/li>\n<li>Zoom para chrome (extensi\u00f3n&nbsp;navegador&nbsp;chrome)<\/li>\n<li>Turn on caret browsing (extensi\u00f3n de chrome)<\/li>\n<\/ul>\n<p><strong>Contacto:&nbsp;&nbsp;<\/strong>Puede realizar&nbsp;comunicaciones&nbsp;sobre requisitos de accesibilidad (art\u00edculo 10.2.a del RD 1112\/2018) como por ejemplo:<\/p>\n<ul>\n<li>informar sobre cualquier posible incumplimiento por parte de este sitio web<\/li>\n<li>transmitir otras&nbsp;dificultades de acceso&nbsp;al contenido<\/li>\n<li>formular cualquier otra&nbsp;consulta o sugerencia de mejora&nbsp;relativa a la accesibilidad del sitio web<\/li>\n<\/ul>\n<p>Puede presentar queja relativa al cumplimiento de los requisitos del RD 1112\/2018.&nbsp;En la Solicitud de informaci\u00f3n accesible, se debe concretar, con toda claridad, los hechos, razones y petici\u00f3n que permitan constatar que se trata de una solicitud razonable y leg\u00edtima.<\/p>\n<p>&nbsp;Las quejas y reclamaciones sobre informaci\u00f3n accesible se realizar\u00e1n a trav\u00e9s del formulario de contacto de la p\u00e1gina web.<\/p>\n<p>Contenido:&nbsp;Este portal est\u00e1 dise\u00f1ado para poder cambiar el tama\u00f1o del texto y el color, as\u00ed como el fondo de la p\u00e1gina mediante las opciones de configuraci\u00f3n est\u00e1ndar de los navegadores.<\/p>\n<p>Si desea cambiar el tama\u00f1o de letra del texto en los principales navegadores gr\u00e1ficos utilice los siguientes men\u00fas:<\/p>\n<ul>\n<li>Internet Explorer, Mozilla y Firefox: Ver &gt; Tama\u00f1o del texto<\/li>\n<li>Opera: Ver &gt; Zoom<\/li>\n<li>Safari: Ver &gt; Hacer el texto m\u00e1s grande<\/li>\n<li>Chrome: Controla la p\u00e1gina actual &gt; Tama\u00f1o del texto<\/li>\n<li>Para modificar el tama\u00f1o de todo en la p\u00e1gina:\n<ul>\n<li>Ctrl + + para aumentarlo<\/li>\n<li>Ctrl + &#8211; para disminuirlo<\/li>\n<li>Ctrl + 0 restaura el tama\u00f1o original del texto<\/li>\n<li>Si lo que quiere es anular la hoja de estilos o modificar el color del texto, puede consultar la p\u00e1gina&nbsp;<span lang=\"en\">How to Change Text Size or Colors<\/span>&nbsp;de la WAI, que se puede leer traducida al espa\u00f1ol en \u00bfC\u00f3mo cambiar el tama\u00f1o del texto o colores?<\/li>\n<\/ul>\n<\/li>\n<\/ul>\t\t\t\t\t\t\t\t<\/div>\n\t\t\t\t<\/div>\n\t\t\t\t\t<\/div>\n\t\t<\/div>\n\t\t\t\t\t<\/div>\n\t\t<\/section>\n\t\t\t\t<\/div>","protected":false},"excerpt":{"rendered":"<p>Accesibilidad La empresa&nbsp;se ha comprometido a gestionar la accesibilidad , de conformidad con el Real Decreto 1112\/2018, de 7 de septiembre, sobre accesibilidad de los sitios web. Evaluaci\u00f3n:&nbsp;Este sitio web es parcialmente conforme con el&nbsp;RD 1112\/2018.&nbsp;Se ha procurado que todo el contenido est\u00e1 totalmente accesible,&nbsp; podr\u00edan existir errores de c\u00f3digo puntuales de edici\u00f3n en alguna &#8230; <a title=\"accesibilidad\" class=\"read-more\" href=\"https:\/\/nations-group.com\/en\/accesibilidad\/\" aria-label=\"Read more about accesibilidad\">Read more<\/a><\/p>","protected":false},"author":5,"featured_media":0,"parent":0,"menu_order":0,"comment_status":"closed","ping_status":"closed","template":"","meta":{"footnotes":""},"class_list":["post-774","page","type-page","status-publish"],"yoast_head":"<!-- This site is optimized with the Yoast SEO plugin v27.0 - https:\/\/yoast.com\/product\/yoast-seo-wordpress\/ -->\n<title>accesibilidad - Nations Group<\/title>\n<meta name=\"robots\" content=\"index, follow, max-snippet:-1, max-image-preview:large, max-video-preview:-1\" \/>\n<link rel=\"canonical\" href=\"https:\/\/nations-group.com\/en\/accesibilidad\/\" \/>\n<meta property=\"og:locale\" content=\"en_GB\" \/>\n<meta property=\"og:type\" content=\"article\" \/>\n<meta property=\"og:title\" content=\"accesibilidad - Nations Group\" \/>\n<meta property=\"og:description\" content=\"Accesibilidad La empresa&nbsp;se ha comprometido a gestionar la accesibilidad , de conformidad con el Real Decreto 1112\/2018, de 7 de septiembre, sobre accesibilidad de los sitios web. Evaluaci\u00f3n:&nbsp;Este sitio web es parcialmente conforme con el&nbsp;RD 1112\/2018.&nbsp;Se ha procurado que todo el contenido est\u00e1 totalmente accesible,&nbsp; podr\u00edan existir errores de c\u00f3digo puntuales de edici\u00f3n en alguna ... Read more\" \/>\n<meta property=\"og:url\" content=\"https:\/\/nations-group.com\/en\/accesibilidad\/\" \/>\n<meta property=\"og:site_name\" content=\"Nations Group\" \/>\n<meta property=\"article:modified_time\" content=\"2023-10-21T17:10:05+00:00\" \/>\n<meta name=\"twitter:card\" content=\"summary_large_image\" \/>\n<meta name=\"twitter:label1\" content=\"Estimated reading time\" \/>\n\t<meta name=\"twitter:data1\" content=\"3 minutes\" \/>\n<script type=\"application\/ld+json\" class=\"yoast-schema-graph\">{\"@context\":\"https:\/\/schema.org\",\"@graph\":[{\"@type\":\"WebPage\",\"@id\":\"https:\/\/nations-group.com\/accesibilidad\/\",\"url\":\"https:\/\/nations-group.com\/accesibilidad\/\",\"name\":\"accesibilidad - Nations Group\",\"isPartOf\":{\"@id\":\"https:\/\/nations-group.com\/#website\"},\"datePublished\":\"2023-06-26T18:25:10+00:00\",\"dateModified\":\"2023-10-21T17:10:05+00:00\",\"breadcrumb\":{\"@id\":\"https:\/\/nations-group.com\/accesibilidad\/#breadcrumb\"},\"inLanguage\":\"en-GB\",\"potentialAction\":[{\"@type\":\"ReadAction\",\"target\":[\"https:\/\/nations-group.com\/accesibilidad\/\"]}]},{\"@type\":\"BreadcrumbList\",\"@id\":\"https:\/\/nations-group.com\/accesibilidad\/#breadcrumb\",\"itemListElement\":[{\"@type\":\"ListItem\",\"position\":1,\"name\":\"Portada\",\"item\":\"https:\/\/nations-group.com\/\"},{\"@type\":\"ListItem\",\"position\":2,\"name\":\"accesibilidad\"}]},{\"@type\":\"WebSite\",\"@id\":\"https:\/\/nations-group.com\/#website\",\"url\":\"https:\/\/nations-group.com\/\",\"name\":\"Nations Group\",\"description\":\"\",\"publisher\":{\"@id\":\"https:\/\/nations-group.com\/#organization\"},\"potentialAction\":[{\"@type\":\"SearchAction\",\"target\":{\"@type\":\"EntryPoint\",\"urlTemplate\":\"https:\/\/nations-group.com\/?s={search_term_string}\"},\"query-input\":{\"@type\":\"PropertyValueSpecification\",\"valueRequired\":true,\"valueName\":\"search_term_string\"}}],\"inLanguage\":\"en-GB\"},{\"@type\":\"Organization\",\"@id\":\"https:\/\/nations-group.com\/#organization\",\"name\":\"Nations Group\",\"url\":\"https:\/\/nations-group.com\/\",\"logo\":{\"@type\":\"ImageObject\",\"inLanguage\":\"en-GB\",\"@id\":\"https:\/\/nations-group.com\/#\/schema\/logo\/image\/\",\"url\":\"https:\/\/nations-group.com\/wp-content\/uploads\/2023\/12\/cropped-logo3tt.png\",\"contentUrl\":\"https:\/\/nations-group.com\/wp-content\/uploads\/2023\/12\/cropped-logo3tt.png\",\"width\":185,\"height\":75,\"caption\":\"Nations Group\"},\"image\":{\"@id\":\"https:\/\/nations-group.com\/#\/schema\/logo\/image\/\"}}]}<\/script>\n<!-- \/ Yoast SEO plugin. -->","yoast_head_json":{"title":"accesibilidad - Nations Group","robots":{"index":"index","follow":"follow","max-snippet":"max-snippet:-1","max-image-preview":"max-image-preview:large","max-video-preview":"max-video-preview:-1"},"canonical":"https:\/\/nations-group.com\/en\/accesibilidad\/","og_locale":"en_GB","og_type":"article","og_title":"accesibilidad - Nations Group","og_description":"Accesibilidad La empresa&nbsp;se ha comprometido a gestionar la accesibilidad , de conformidad con el Real Decreto 1112\/2018, de 7 de septiembre, sobre accesibilidad de los sitios web. Evaluaci\u00f3n:&nbsp;Este sitio web es parcialmente conforme con el&nbsp;RD 1112\/2018.&nbsp;Se ha procurado que todo el contenido est\u00e1 totalmente accesible,&nbsp; podr\u00edan existir errores de c\u00f3digo puntuales de edici\u00f3n en alguna ... Read more","og_url":"https:\/\/nations-group.com\/en\/accesibilidad\/","og_site_name":"Nations Group","article_modified_time":"2023-10-21T17:10:05+00:00","twitter_card":"summary_large_image","twitter_misc":{"Estimated reading time":"3 minutes"},"schema":{"@context":"https:\/\/schema.org","@graph":[{"@type":"WebPage","@id":"https:\/\/nations-group.com\/accesibilidad\/","url":"https:\/\/nations-group.com\/accesibilidad\/","name":"accesibilidad - Nations Group","isPartOf":{"@id":"https:\/\/nations-group.com\/#website"},"datePublished":"2023-06-26T18:25:10+00:00","dateModified":"2023-10-21T17:10:05+00:00","breadcrumb":{"@id":"https:\/\/nations-group.com\/accesibilidad\/#breadcrumb"},"inLanguage":"en-GB","potentialAction":[{"@type":"ReadAction","target":["https:\/\/nations-group.com\/accesibilidad\/"]}]},{"@type":"BreadcrumbList","@id":"https:\/\/nations-group.com\/accesibilidad\/#breadcrumb","itemListElement":[{"@type":"ListItem","position":1,"name":"Portada","item":"https:\/\/nations-group.com\/"},{"@type":"ListItem","position":2,"name":"accesibilidad"}]},{"@type":"WebSite","@id":"https:\/\/nations-group.com\/#website","url":"https:\/\/nations-group.com\/","name":"Nations Group","description":"","publisher":{"@id":"https:\/\/nations-group.com\/#organization"},"potentialAction":[{"@type":"SearchAction","target":{"@type":"EntryPoint","urlTemplate":"https:\/\/nations-group.com\/?s={search_term_string}"},"query-input":{"@type":"PropertyValueSpecification","valueRequired":true,"valueName":"search_term_string"}}],"inLanguage":"en-GB"},{"@type":"Organization","@id":"https:\/\/nations-group.com\/#organization","name":"Nations Group","url":"https:\/\/nations-group.com\/","logo":{"@type":"ImageObject","inLanguage":"en-GB","@id":"https:\/\/nations-group.com\/#\/schema\/logo\/image\/","url":"https:\/\/nations-group.com\/wp-content\/uploads\/2023\/12\/cropped-logo3tt.png","contentUrl":"https:\/\/nations-group.com\/wp-content\/uploads\/2023\/12\/cropped-logo3tt.png","width":185,"height":75,"caption":"Nations Group"},"image":{"@id":"https:\/\/nations-group.com\/#\/schema\/logo\/image\/"}}]}},"_links":{"self":[{"href":"https:\/\/nations-group.com\/en\/wp-json\/wp\/v2\/pages\/774","targetHints":{"allow":["GET"]}}],"collection":[{"href":"https:\/\/nations-group.com\/en\/wp-json\/wp\/v2\/pages"}],"about":[{"href":"https:\/\/nations-group.com\/en\/wp-json\/wp\/v2\/types\/page"}],"author":[{"embeddable":true,"href":"https:\/\/nations-group.com\/en\/wp-json\/wp\/v2\/users\/5"}],"replies":[{"embeddable":true,"href":"https:\/\/nations-group.com\/en\/wp-json\/wp\/v2\/comments?post=774"}],"version-history":[{"count":7,"href":"https:\/\/nations-group.com\/en\/wp-json\/wp\/v2\/pages\/774\/revisions"}],"predecessor-version":[{"id":1303,"href":"https:\/\/nations-group.com\/en\/wp-json\/wp\/v2\/pages\/774\/revisions\/1303"}],"wp:attachment":[{"href":"https:\/\/nations-group.com\/en\/wp-json\/wp\/v2\/media?parent=774"}],"curies":[{"name":"wp","href":"https:\/\/api.w.org\/{rel}","templated":true}]}}