{"id":353,"date":"2023-02-14T09:15:15","date_gmt":"2023-02-14T09:15:15","guid":{"rendered":"https:\/\/nations-group.com\/?page_id=353"},"modified":"2024-10-15T15:20:35","modified_gmt":"2024-10-15T15:20:35","slug":"quienessomos","status":"publish","type":"page","link":"https:\/\/nations-group.com\/en\/quienessomos\/","title":{"rendered":"quienessomos"},"content":{"rendered":"<div data-elementor-type=\"wp-page\" data-elementor-id=\"353\" class=\"elementor elementor-353\" data-elementor-post-type=\"page\">\n\t\t\t\t\t\t<section data-particle_enable=\"false\" data-particle-mobile-disabled=\"false\" class=\"elementor-section elementor-top-section elementor-element elementor-element-70e28b5 elementor-section-full_width elementor-section-stretched elementor-section-height-default elementor-section-height-default\" data-id=\"70e28b5\" data-element_type=\"section\" data-e-type=\"section\" data-settings=\"{&quot;stretch_section&quot;:&quot;section-stretched&quot;}\">\n\t\t\t\t\t\t<div class=\"elementor-container elementor-column-gap-default\">\n\t\t\t\t\t<div class=\"elementor-column elementor-col-100 elementor-top-column elementor-element elementor-element-54c587d\" data-id=\"54c587d\" data-element_type=\"column\" data-e-type=\"column\">\n\t\t\t<div class=\"elementor-widget-wrap elementor-element-populated\">\n\t\t\t\t\t\t\t<\/div>\n\t\t<\/div>\n\t\t\t\t\t<\/div>\n\t\t<\/section>\n\t\t\t\t<section data-particle_enable=\"false\" data-particle-mobile-disabled=\"false\" class=\"elementor-section elementor-top-section elementor-element elementor-element-49a89cf elementor-section-stretched elementor-section-boxed elementor-section-height-default elementor-section-height-default\" data-id=\"49a89cf\" data-element_type=\"section\" data-e-type=\"section\" data-settings=\"{&quot;stretch_section&quot;:&quot;section-stretched&quot;}\">\n\t\t\t\t\t\t<div class=\"elementor-container elementor-column-gap-default\">\n\t\t\t\t\t<div class=\"elementor-column elementor-col-100 elementor-top-column elementor-element elementor-element-e0ad0e4\" data-id=\"e0ad0e4\" data-element_type=\"column\" data-e-type=\"column\">\n\t\t\t<div class=\"elementor-widget-wrap elementor-element-populated\">\n\t\t\t\t\t\t<div class=\"elementor-element elementor-element-58a63de elementor-hidden-desktop elementor-hidden-tablet elementor-hidden-mobile elementor-widget elementor-widget-heading\" data-id=\"58a63de\" data-element_type=\"widget\" data-e-type=\"widget\" data-widget_type=\"heading.default\">\n\t\t\t\t<div class=\"elementor-widget-container\">\n\t\t\t\t\t<h1 class=\"elementor-heading-title elementor-size-default\">Who we are<\/h1>\t\t\t\t<\/div>\n\t\t\t\t<\/div>\n\t\t\t\t<section data-particle_enable=\"false\" data-particle-mobile-disabled=\"false\" class=\"elementor-section elementor-inner-section elementor-element elementor-element-57fdd66 elementor-section-boxed elementor-section-height-default elementor-section-height-default\" data-id=\"57fdd66\" data-element_type=\"section\" data-e-type=\"section\">\n\t\t\t\t\t\t<div class=\"elementor-container elementor-column-gap-default\">\n\t\t\t\t\t<div class=\"elementor-column elementor-col-100 elementor-inner-column elementor-element elementor-element-d5e3642\" data-id=\"d5e3642\" data-element_type=\"column\" data-e-type=\"column\">\n\t\t\t<div class=\"elementor-widget-wrap elementor-element-populated\">\n\t\t\t\t\t\t<div class=\"elementor-element elementor-element-511ae7b elementor-widget elementor-widget-text-editor\" data-id=\"511ae7b\" data-element_type=\"widget\" data-e-type=\"widget\" data-widget_type=\"text-editor.default\">\n\t\t\t\t<div class=\"elementor-widget-container\">\n\t\t\t\t\t\t\t\t\t<p>NATIONS GROUP is a human resources consultancy firm whose activity focuses on executive search and middle management selection. In addition, we carry out professional evaluation projects for different purposes: assessment and professional development processes within the company.<\/p><p>The company was created in 2002 by three partners with extensive experience in executive search and selection. We are based in Madrid, from where the different projects are carried out, both for Spain and for other countries.<\/p><p>Nuestro esfuerzo va siempre encaminado a la b\u00fasqueda de los mejores profesionales en el menor tiempo posible. Los socios, al ser parte activa del equipo de Nations Group, est\u00e1n fuertemente involucrados en los proyectos llevados a cabo, lo que garantiza unos altos est\u00e1ndares de calidad, tratando siempre de profundizar en las organizaciones con las que trabajamos, y estableciendo relaciones profesionales a medio y largo plazo con las mismas.<\/p>\t\t\t\t\t\t\t\t<\/div>\n\t\t\t\t<\/div>\n\t\t\t\t<div class=\"elementor-element elementor-element-b452153 elementor-align-center elementor-widget elementor-widget-button\" data-id=\"b452153\" data-element_type=\"widget\" data-e-type=\"widget\" data-widget_type=\"button.default\">\n\t\t\t\t<div class=\"elementor-widget-container\">\n\t\t\t\t\t\t\t\t\t<div class=\"elementor-button-wrapper\">\n\t\t\t\t\t<a class=\"elementor-button elementor-button-link elementor-size-sm\" href=\"\/en\/contacto\/\">\n\t\t\t\t\t\t<span class=\"elementor-button-content-wrapper\">\n\t\t\t\t\t\t\t\t\t<span class=\"elementor-button-text\">Learn more<\/span>\n\t\t\t\t\t<\/span>\n\t\t\t\t\t<\/a>\n\t\t\t\t<\/div>\n\t\t\t\t\t\t\t\t<\/div>\n\t\t\t\t<\/div>\n\t\t\t\t\t<\/div>\n\t\t<\/div>\n\t\t\t\t\t<\/div>\n\t\t<\/section>\n\t\t\t\t\t<\/div>\n\t\t<\/div>\n\t\t\t\t\t<\/div>\n\t\t<\/section>\n\t\t\t\t<section data-particle_enable=\"false\" data-particle-mobile-disabled=\"false\" class=\"elementor-section elementor-top-section elementor-element elementor-element-72814b0 elementor-section-stretched elementor-section-boxed elementor-section-height-default elementor-section-height-default\" data-id=\"72814b0\" data-element_type=\"section\" data-e-type=\"section\" data-settings=\"{&quot;stretch_section&quot;:&quot;section-stretched&quot;}\">\n\t\t\t\t\t\t<div class=\"elementor-container elementor-column-gap-default\">\n\t\t\t\t\t<div class=\"elementor-column elementor-col-100 elementor-top-column elementor-element elementor-element-9848d23\" data-id=\"9848d23\" data-element_type=\"column\" data-e-type=\"column\">\n\t\t\t<div class=\"elementor-widget-wrap elementor-element-populated\">\n\t\t\t\t\t\t<div class=\"elementor-element elementor-element-58870f6 elementor-widget elementor-widget-heading\" data-id=\"58870f6\" data-element_type=\"widget\" data-e-type=\"widget\" data-widget_type=\"heading.default\">\n\t\t\t\t<div class=\"elementor-widget-container\">\n\t\t\t\t\t<h2 class=\"elementor-heading-title elementor-size-default\">Latest Articles<\/h2>\t\t\t\t<\/div>\n\t\t\t\t<\/div>\n\t\t\t\t<div class=\"elementor-element elementor-element-d5e6682 elementor-grid-3 elementor-grid-tablet-2 elementor-grid-mobile-1 elementor-posts--thumbnail-top elementor-card-shadow-yes elementor-posts__hover-gradient elementor-widget elementor-widget-posts\" data-id=\"d5e6682\" data-element_type=\"widget\" data-e-type=\"widget\" data-settings=\"{&quot;cards_columns&quot;:&quot;3&quot;,&quot;cards_columns_tablet&quot;:&quot;2&quot;,&quot;cards_columns_mobile&quot;:&quot;1&quot;,&quot;cards_row_gap&quot;:{&quot;unit&quot;:&quot;px&quot;,&quot;size&quot;:35,&quot;sizes&quot;:[]},&quot;cards_row_gap_tablet&quot;:{&quot;unit&quot;:&quot;px&quot;,&quot;size&quot;:&quot;&quot;,&quot;sizes&quot;:[]},&quot;cards_row_gap_mobile&quot;:{&quot;unit&quot;:&quot;px&quot;,&quot;size&quot;:&quot;&quot;,&quot;sizes&quot;:[]}}\" data-widget_type=\"posts.cards\">\n\t\t\t\t<div class=\"elementor-widget-container\">\n\t\t\t\t\t\t\t<div class=\"elementor-posts-container elementor-posts elementor-posts--skin-cards elementor-grid\">\n\t\t\t\t<article class=\"elementor-post elementor-grid-item post-3447 post type-post status-publish format-standard has-post-thumbnail hentry category-otros\">\n\t\t\t<div class=\"elementor-post__card\">\n\t\t\t\t<a class=\"elementor-post__thumbnail__link\" href=\"https:\/\/nations-group.com\/en\/el-poder-de-los-candidatos-en-un-proceso-de-seleccion-la-evolucion-del-rol-del-aspirante\/\" tabindex=\"-1\" ><div class=\"elementor-post__thumbnail\"><img fetchpriority=\"high\" decoding=\"async\" width=\"768\" height=\"320\" src=\"https:\/\/nations-group.com\/wp-content\/uploads\/2024\/01\/QUIENES-SOMOS-NUEVA-FOTO--768x320.jpeg\" class=\"attachment-medium_large size-medium_large wp-image-3290\" alt=\"QUIENES SOMOS (NUEVA FOTO)\" srcset=\"https:\/\/nations-group.com\/wp-content\/uploads\/2024\/01\/QUIENES-SOMOS-NUEVA-FOTO--768x320.jpeg 768w, https:\/\/nations-group.com\/wp-content\/uploads\/2024\/01\/QUIENES-SOMOS-NUEVA-FOTO--300x125.jpeg 300w, https:\/\/nations-group.com\/wp-content\/uploads\/2024\/01\/QUIENES-SOMOS-NUEVA-FOTO--1024x427.jpeg 1024w, https:\/\/nations-group.com\/wp-content\/uploads\/2024\/01\/QUIENES-SOMOS-NUEVA-FOTO--1536x640.jpeg 1536w, https:\/\/nations-group.com\/wp-content\/uploads\/2024\/01\/QUIENES-SOMOS-NUEVA-FOTO--18x8.jpeg 18w, https:\/\/nations-group.com\/wp-content\/uploads\/2024\/01\/QUIENES-SOMOS-NUEVA-FOTO-.jpeg 1920w\" sizes=\"(max-width: 768px) 100vw, 768px\" \/><\/div><\/a>\n\t\t\t\t<div class=\"elementor-post__text\">\n\t\t\t\t<h2 class=\"elementor-post__title\">\n\t\t\t<a href=\"https:\/\/nations-group.com\/en\/el-poder-de-los-candidatos-en-un-proceso-de-seleccion-la-evolucion-del-rol-del-aspirante\/\" >\n\t\t\t\tThe power of candidates in a recruitment process: the evolution of the applicant's role\t\t\t<\/a>\n\t\t<\/h2>\n\t\t\t\t<div class=\"elementor-post__excerpt\">\n\t\t\t<p>In the dynamic world of recruitment and selection, power has undergone a significant shift in recent years. Previously, the hiring process was largely dominated by employers, but today, candidates are playing an increasingly influential role in the selection process. This evolution is due<\/p>\n\t\t<\/div>\n\t\t\n\t\t<a class=\"elementor-post__read-more\" href=\"https:\/\/nations-group.com\/en\/el-poder-de-los-candidatos-en-un-proceso-de-seleccion-la-evolucion-del-rol-del-aspirante\/\" aria-label=\"Read more about El poder de los candidatos en un proceso de selecci\u00f3n: la evoluci\u00f3n del rol del aspirante.\" tabindex=\"-1\" >\n\t\t\tRead more \u00bb\t\t<\/a>\n\n\t\t\t\t<\/div>\n\t\t\t\t\t<\/div>\n\t\t<\/article>\n\t\t\t\t<article class=\"elementor-post elementor-grid-item post-1738 post type-post status-publish format-standard has-post-thumbnail hentry category-otros\">\n\t\t\t<div class=\"elementor-post__card\">\n\t\t\t\t<a class=\"elementor-post__thumbnail__link\" href=\"https:\/\/nations-group.com\/en\/la-importancia-del-ligerazgo\/\" tabindex=\"-1\" ><div class=\"elementor-post__thumbnail\"><img decoding=\"async\" width=\"768\" height=\"320\" src=\"https:\/\/nations-group.com\/wp-content\/uploads\/2024\/01\/INGENIERIA--768x320.png\" class=\"attachment-medium_large size-medium_large wp-image-3225\" alt=\"INGENIERIA\" srcset=\"https:\/\/nations-group.com\/wp-content\/uploads\/2024\/01\/INGENIERIA--768x320.png 768w, https:\/\/nations-group.com\/wp-content\/uploads\/2024\/01\/INGENIERIA--300x125.png 300w, https:\/\/nations-group.com\/wp-content\/uploads\/2024\/01\/INGENIERIA--1024x427.png 1024w, https:\/\/nations-group.com\/wp-content\/uploads\/2024\/01\/INGENIERIA-.png 1200w\" sizes=\"(max-width: 768px) 100vw, 768px\" \/><\/div><\/a>\n\t\t\t\t<div class=\"elementor-post__text\">\n\t\t\t\t<h2 class=\"elementor-post__title\">\n\t\t\t<a href=\"https:\/\/nations-group.com\/en\/la-importancia-del-ligerazgo\/\" >\n\t\t\t\tThe importance of leadership in top management: how to identify and attract the best talent\t\t\t<\/a>\n\t\t<\/h2>\n\t\t\t\t<div class=\"elementor-post__excerpt\">\n\t\t\t<p>In today's business world, senior management leadership plays a critical role in the success and strategic direction of a company. Leaders at the top not only set the organization's vision and goals, but also guide teams, make crucial decisions, and represent<\/p>\n\t\t<\/div>\n\t\t\n\t\t<a class=\"elementor-post__read-more\" href=\"https:\/\/nations-group.com\/en\/la-importancia-del-ligerazgo\/\" aria-label=\"Read more about La importancia del liderazgo en la alta direcci\u00f3n: c\u00f3mo identificar y atraer a los mejores talentos.\" tabindex=\"-1\" >\n\t\t\tRead more \u00bb\t\t<\/a>\n\n\t\t\t\t<\/div>\n\t\t\t\t\t<\/div>\n\t\t<\/article>\n\t\t\t\t<article class=\"elementor-post elementor-grid-item post-1732 post type-post status-publish format-standard has-post-thumbnail hentry category-otros\">\n\t\t\t<div class=\"elementor-post__card\">\n\t\t\t\t<a class=\"elementor-post__thumbnail__link\" href=\"https:\/\/nations-group.com\/en\/el-futuro-de-la-contratacion-ejecutiva-tendencias\/\" tabindex=\"-1\" ><div class=\"elementor-post__thumbnail\"><img decoding=\"async\" width=\"768\" height=\"320\" src=\"https:\/\/nations-group.com\/wp-content\/uploads\/2024\/01\/SECTORES-3-768x320.png\" class=\"attachment-medium_large size-medium_large wp-image-3198\" alt=\"SECTORES 3\" srcset=\"https:\/\/nations-group.com\/wp-content\/uploads\/2024\/01\/SECTORES-3-768x320.png 768w, https:\/\/nations-group.com\/wp-content\/uploads\/2024\/01\/SECTORES-3-300x125.png 300w, https:\/\/nations-group.com\/wp-content\/uploads\/2024\/01\/SECTORES-3-1024x427.png 1024w, https:\/\/nations-group.com\/wp-content\/uploads\/2024\/01\/SECTORES-3-1536x640.png 1536w, https:\/\/nations-group.com\/wp-content\/uploads\/2024\/01\/SECTORES-3.png 1920w\" sizes=\"(max-width: 768px) 100vw, 768px\" \/><\/div><\/a>\n\t\t\t\t<div class=\"elementor-post__text\">\n\t\t\t\t<h2 class=\"elementor-post__title\">\n\t\t\t<a href=\"https:\/\/nations-group.com\/en\/el-futuro-de-la-contratacion-ejecutiva-tendencias\/\" >\n\t\t\t\tThe future of executive hiring: trends and challenges in the executive job market\t\t\t<\/a>\n\t\t<\/h2>\n\t\t\t\t<div class=\"elementor-post__excerpt\">\n\t\t\t<p>In an ever-evolving business world, executive recruiting faces a number of trends and challenges that are shaping the future of the executive job market. From the growing demand for innovative leaders to the impact of technology on recruiting processes, it is crucial to understand emerging trends and<\/p>\n\t\t<\/div>\n\t\t\n\t\t<a class=\"elementor-post__read-more\" href=\"https:\/\/nations-group.com\/en\/el-futuro-de-la-contratacion-ejecutiva-tendencias\/\" aria-label=\"Read more about El futuro de la contrataci\u00f3n ejecutiva: tendencias y desaf\u00edos en el mercado laboral para directivos\" tabindex=\"-1\" >\n\t\t\tRead more \u00bb\t\t<\/a>\n\n\t\t\t\t<\/div>\n\t\t\t\t\t<\/div>\n\t\t<\/article>\n\t\t\t\t<\/div>\n\t\t\n\t\t\t\t\t\t<\/div>\n\t\t\t\t<\/div>\n\t\t\t\t<div class=\"elementor-element elementor-element-8795281 elementor-align-center elementor-invisible elementor-widget elementor-widget-button\" data-id=\"8795281\" data-element_type=\"widget\" data-e-type=\"widget\" data-settings=\"{&quot;_animation&quot;:&quot;fadeIn&quot;}\" data-widget_type=\"button.default\">\n\t\t\t\t<div class=\"elementor-widget-container\">\n\t\t\t\t\t\t\t\t\t<div class=\"elementor-button-wrapper\">\n\t\t\t\t\t<a class=\"elementor-button elementor-button-link elementor-size-sm\" href=\"\/en\/blog\/\">\n\t\t\t\t\t\t<span class=\"elementor-button-content-wrapper\">\n\t\t\t\t\t\t\t\t\t<span class=\"elementor-button-text\">VIEW ALL<\/span>\n\t\t\t\t\t<\/span>\n\t\t\t\t\t<\/a>\n\t\t\t\t<\/div>\n\t\t\t\t\t\t\t\t<\/div>\n\t\t\t\t<\/div>\n\t\t\t\t\t<\/div>\n\t\t<\/div>\n\t\t\t\t\t<\/div>\n\t\t<\/section>\n\t\t\t\t<\/div>","protected":false},"excerpt":{"rendered":"<p>Quienes somos NATIONS GROUP es una firma de consultor\u00eda de recursos humanos cuya actividad se centra en la b\u00fasqueda de directivos y selecci\u00f3n de mandos intermedios. Adicionalmente, llevamos a cabo procesos de evaluaci\u00f3n de profesionales, para diferentes fines: procesos de \u201cassessment\u201d y de desarrollo profesional dentro de la empresa. La compa\u00f1\u00eda fue creada en el &#8230; <a title=\"The future of executive hiring: trends and challenges in the executive job market\" class=\"read-more\" href=\"https:\/\/nations-group.com\/en\/el-futuro-de-la-contratacion-ejecutiva-tendencias\/\" aria-label=\"Read more about El futuro de la contrataci\u00f3n ejecutiva: tendencias y desaf\u00edos en el mercado laboral para directivos\">Read more<\/a><\/p>","protected":false},"author":5,"featured_media":0,"parent":0,"menu_order":0,"comment_status":"closed","ping_status":"closed","template":"","meta":{"footnotes":""},"class_list":["post-353","page","type-page","status-publish","hentry"],"yoast_head":"<!-- This site is optimized with the Yoast SEO plugin v27.0 - https:\/\/yoast.com\/product\/yoast-seo-wordpress\/ -->\n<title>quienessomos - Nations Group<\/title>\n<meta name=\"robots\" content=\"index, follow, max-snippet:-1, max-image-preview:large, max-video-preview:-1\" \/>\n<link rel=\"canonical\" href=\"https:\/\/nations-group.com\/en\/quienessomos\/\" \/>\n<meta property=\"og:locale\" content=\"en_GB\" \/>\n<meta property=\"og:type\" content=\"article\" \/>\n<meta property=\"og:title\" content=\"quienessomos - Nations Group\" \/>\n<meta property=\"og:description\" content=\"Quienes somos NATIONS GROUP es una firma de consultor\u00eda de recursos humanos cuya actividad se centra en la b\u00fasqueda de directivos y selecci\u00f3n de mandos intermedios. Adicionalmente, llevamos a cabo procesos de evaluaci\u00f3n de profesionales, para diferentes fines: procesos de \u201cassessment\u201d y de desarrollo profesional dentro de la empresa. La compa\u00f1\u00eda fue creada en el ... Read more\" \/>\n<meta property=\"og:url\" content=\"https:\/\/nations-group.com\/en\/quienessomos\/\" \/>\n<meta property=\"og:site_name\" content=\"Nations Group\" \/>\n<meta property=\"article:modified_time\" content=\"2024-10-15T15:20:35+00:00\" \/>\n<meta name=\"twitter:card\" content=\"summary_large_image\" \/>\n<meta name=\"twitter:label1\" content=\"Estimated reading time\" \/>\n\t<meta name=\"twitter:data1\" content=\"3 minutes\" \/>\n<script type=\"application\/ld+json\" class=\"yoast-schema-graph\">{\"@context\":\"https:\/\/schema.org\",\"@graph\":[{\"@type\":\"WebPage\",\"@id\":\"https:\/\/nations-group.com\/quienessomos\/\",\"url\":\"https:\/\/nations-group.com\/quienessomos\/\",\"name\":\"quienessomos - Nations Group\",\"isPartOf\":{\"@id\":\"https:\/\/nations-group.com\/#website\"},\"datePublished\":\"2023-02-14T09:15:15+00:00\",\"dateModified\":\"2024-10-15T15:20:35+00:00\",\"breadcrumb\":{\"@id\":\"https:\/\/nations-group.com\/quienessomos\/#breadcrumb\"},\"inLanguage\":\"en-GB\",\"potentialAction\":[{\"@type\":\"ReadAction\",\"target\":[\"https:\/\/nations-group.com\/quienessomos\/\"]}]},{\"@type\":\"BreadcrumbList\",\"@id\":\"https:\/\/nations-group.com\/quienessomos\/#breadcrumb\",\"itemListElement\":[{\"@type\":\"ListItem\",\"position\":1,\"name\":\"Portada\",\"item\":\"https:\/\/nations-group.com\/\"},{\"@type\":\"ListItem\",\"position\":2,\"name\":\"quienessomos\"}]},{\"@type\":\"WebSite\",\"@id\":\"https:\/\/nations-group.com\/#website\",\"url\":\"https:\/\/nations-group.com\/\",\"name\":\"Nations Group\",\"description\":\"\",\"publisher\":{\"@id\":\"https:\/\/nations-group.com\/#organization\"},\"potentialAction\":[{\"@type\":\"SearchAction\",\"target\":{\"@type\":\"EntryPoint\",\"urlTemplate\":\"https:\/\/nations-group.com\/?s={search_term_string}\"},\"query-input\":{\"@type\":\"PropertyValueSpecification\",\"valueRequired\":true,\"valueName\":\"search_term_string\"}}],\"inLanguage\":\"en-GB\"},{\"@type\":\"Organization\",\"@id\":\"https:\/\/nations-group.com\/#organization\",\"name\":\"Nations Group\",\"url\":\"https:\/\/nations-group.com\/\",\"logo\":{\"@type\":\"ImageObject\",\"inLanguage\":\"en-GB\",\"@id\":\"https:\/\/nations-group.com\/#\/schema\/logo\/image\/\",\"url\":\"https:\/\/nations-group.com\/wp-content\/uploads\/2023\/12\/cropped-logo3tt.png\",\"contentUrl\":\"https:\/\/nations-group.com\/wp-content\/uploads\/2023\/12\/cropped-logo3tt.png\",\"width\":185,\"height\":75,\"caption\":\"Nations Group\"},\"image\":{\"@id\":\"https:\/\/nations-group.com\/#\/schema\/logo\/image\/\"}}]}<\/script>\n<!-- \/ Yoast SEO plugin. -->","yoast_head_json":{"title":"quienessomos - Nations Group","robots":{"index":"index","follow":"follow","max-snippet":"max-snippet:-1","max-image-preview":"max-image-preview:large","max-video-preview":"max-video-preview:-1"},"canonical":"https:\/\/nations-group.com\/en\/quienessomos\/","og_locale":"en_GB","og_type":"article","og_title":"quienessomos - Nations Group","og_description":"Quienes somos NATIONS GROUP es una firma de consultor\u00eda de recursos humanos cuya actividad se centra en la b\u00fasqueda de directivos y selecci\u00f3n de mandos intermedios. Adicionalmente, llevamos a cabo procesos de evaluaci\u00f3n de profesionales, para diferentes fines: procesos de \u201cassessment\u201d y de desarrollo profesional dentro de la empresa. La compa\u00f1\u00eda fue creada en el ... Read more","og_url":"https:\/\/nations-group.com\/en\/quienessomos\/","og_site_name":"Nations Group","article_modified_time":"2024-10-15T15:20:35+00:00","twitter_card":"summary_large_image","twitter_misc":{"Estimated reading time":"3 minutes"},"schema":{"@context":"https:\/\/schema.org","@graph":[{"@type":"WebPage","@id":"https:\/\/nations-group.com\/quienessomos\/","url":"https:\/\/nations-group.com\/quienessomos\/","name":"quienessomos - Nations Group","isPartOf":{"@id":"https:\/\/nations-group.com\/#website"},"datePublished":"2023-02-14T09:15:15+00:00","dateModified":"2024-10-15T15:20:35+00:00","breadcrumb":{"@id":"https:\/\/nations-group.com\/quienessomos\/#breadcrumb"},"inLanguage":"en-GB","potentialAction":[{"@type":"ReadAction","target":["https:\/\/nations-group.com\/quienessomos\/"]}]},{"@type":"BreadcrumbList","@id":"https:\/\/nations-group.com\/quienessomos\/#breadcrumb","itemListElement":[{"@type":"ListItem","position":1,"name":"Portada","item":"https:\/\/nations-group.com\/"},{"@type":"ListItem","position":2,"name":"quienessomos"}]},{"@type":"WebSite","@id":"https:\/\/nations-group.com\/#website","url":"https:\/\/nations-group.com\/","name":"Nations Group","description":"","publisher":{"@id":"https:\/\/nations-group.com\/#organization"},"potentialAction":[{"@type":"SearchAction","target":{"@type":"EntryPoint","urlTemplate":"https:\/\/nations-group.com\/?s={search_term_string}"},"query-input":{"@type":"PropertyValueSpecification","valueRequired":true,"valueName":"search_term_string"}}],"inLanguage":"en-GB"},{"@type":"Organization","@id":"https:\/\/nations-group.com\/#organization","name":"Nations Group","url":"https:\/\/nations-group.com\/","logo":{"@type":"ImageObject","inLanguage":"en-GB","@id":"https:\/\/nations-group.com\/#\/schema\/logo\/image\/","url":"https:\/\/nations-group.com\/wp-content\/uploads\/2023\/12\/cropped-logo3tt.png","contentUrl":"https:\/\/nations-group.com\/wp-content\/uploads\/2023\/12\/cropped-logo3tt.png","width":185,"height":75,"caption":"Nations Group"},"image":{"@id":"https:\/\/nations-group.com\/#\/schema\/logo\/image\/"}}]}},"_links":{"self":[{"href":"https:\/\/nations-group.com\/en\/wp-json\/wp\/v2\/pages\/353","targetHints":{"allow":["GET"]}}],"collection":[{"href":"https:\/\/nations-group.com\/en\/wp-json\/wp\/v2\/pages"}],"about":[{"href":"https:\/\/nations-group.com\/en\/wp-json\/wp\/v2\/types\/page"}],"author":[{"embeddable":true,"href":"https:\/\/nations-group.com\/en\/wp-json\/wp\/v2\/users\/5"}],"replies":[{"embeddable":true,"href":"https:\/\/nations-group.com\/en\/wp-json\/wp\/v2\/comments?post=353"}],"version-history":[{"count":170,"href":"https:\/\/nations-group.com\/en\/wp-json\/wp\/v2\/pages\/353\/revisions"}],"predecessor-version":[{"id":3572,"href":"https:\/\/nations-group.com\/en\/wp-json\/wp\/v2\/pages\/353\/revisions\/3572"}],"wp:attachment":[{"href":"https:\/\/nations-group.com\/en\/wp-json\/wp\/v2\/media?parent=353"}],"curies":[{"name":"wp","href":"https:\/\/api.w.org\/{rel}","templated":true}]}}